{"id":128,"date":"2023-09-10T19:10:19","date_gmt":"2023-09-10T16:10:19","guid":{"rendered":"https:\/\/koiranaattori.fi\/?page_id=128"},"modified":"2026-04-05T18:17:07","modified_gmt":"2026-04-05T15:17:07","slug":"etusivu","status":"publish","type":"page","link":"https:\/\/koiranaattori.fi\/","title":{"rendered":"Etusivu"},"content":{"rendered":"\n<h3 class=\"wp-block-heading\"><strong>Kaikki ei n\u00e4y aina p\u00e4\u00e4llep\u00e4in.<\/strong><\/h3>\n\n\n\n<p>Koiran vointi voi muuttua pienin askelin \u2013 liikkeess\u00e4, k\u00e4yt\u00f6ksess\u00e4 tai siin\u00e4, miten se reagoi kosketukseen.<br>Usein n\u00e4m\u00e4 j\u00e4\u00e4v\u00e4t huomaamatta, kunnes jokin alkaa vaivata selke\u00e4mmin.<\/p>\n\n\n\n<p>Tarjoan koiralle aikaa, rauhaa ja hetken, jossa sit\u00e4 kuunnellaan kokonaisuutena.<\/p>\n\n\n\n<h3 class=\"wp-block-heading\"><strong>Milloin koira tarvitsee hoitoa?<\/strong><\/h3>\n\n\n\n<p>Joskus koira kertoo voinnistaan hyvin pienill\u00e4 asioilla.<\/p>\n\n\n\n<p>Ehk\u00e4 liike ei ole en\u00e4\u00e4 yht\u00e4 rentoa kuin ennen.<br>Ehk\u00e4 jokin kohta tuntuu koskettaessa erilaiselta.<br>Tai ehk\u00e4 k\u00e4yt\u00f6s muuttuu \u2013 koira vet\u00e4ytyy, reagoi herkemmin tai ei l\u00e4hde liikkeelle samalla tavalla kuin ennen.<\/p>\n\n\n\n<p>Kaikki ei n\u00e4y selke\u00e4n\u00e4 ontumisena tai kipuna \u2013 usein kyse on pienist\u00e4 muutoksista, jotka on helppo ohittaa arjessa.<\/p>\n\n\n\n<p>Hoitoon ei tarvitse tulla vasta silloin, kun ongelma on jo selke\u00e4. Monesti kehoa voidaan auttaa jo aikaisemmin \u2013 ennen kuin ep\u00e4tasapaino kasvaa suuremmaksi. Ja joskus taas kyse on vain siit\u00e4, ett\u00e4 halutaan pit\u00e4\u00e4 koira hyv\u00e4ss\u00e4 kunnossa.<\/p>\n\n\n\n<h3 class=\"wp-block-heading\"><strong>Miten ty\u00f6skentelen<\/strong><\/h3>\n\n\n\n<p>En ajattele hoitoa vain yksitt\u00e4isen\u00e4 toimenpiteen\u00e4.&nbsp;Jokainen koira on erilainen, ja siten my\u00f6s hoitokin.<\/p>\n\n\n\n<p>Haluan antaa hoidettavalle koiralle aikaa ja tilaa. Se mahdollistaa etenemisen rauhassa \u2013 voin tarvittaessa pys\u00e4hty\u00e4, havainnoida ja kulkea koiran ehdoilla, sen mukaan mit\u00e4 se sill\u00e4 hetkell\u00e4 tarvitsee.<\/p>\n\n\n\n<p>Kaikki ei tule esiin liikkeess\u00e4. Usein keho kertoo enemm\u00e4n kosketuksessa \u2013 siit\u00e4, miten koira reagoi, mit\u00e4 se sallii ja mit\u00e4 se v\u00e4lttelee.<\/p>\n\n\n\n<p>Hoidossa yhdistyv\u00e4t tarvittaessa hieronta, faskiak\u00e4sittely ja laser. En valitse menetelm\u00e4\u00e4 valmiiksi, vaan hoito muotoutuu sen mukaan, mit\u00e4 koiran keho ja tilanne sill\u00e4 hetkell\u00e4 kertovat. Joskus riitt\u00e4\u00e4 yksi l\u00e4hestymistapa, joskus yhdistet\u00e4\u00e4n useampaa \u2013 t\u00e4rkeint\u00e4 on, ett\u00e4 hoito vastaa juuri sen koiran tarpeita.<\/p>\n\n\n\n<p>Hoidon aikana nousee usein esiin asioita, jotka auttavat my\u00f6s omistajaa ymm\u00e4rt\u00e4m\u00e4\u00e4n ja tuntemaan koiraa paremmin. Samalla voi alkaa huomata enemm\u00e4n \u2013 mit\u00e4 arjessa tapahtuu, mit\u00e4 voi itse tehd\u00e4 ja milloin on hyv\u00e4 pys\u00e4hty\u00e4 tarkemmin.<\/p>\n\n\n\n<h3 class=\"wp-block-heading\"><strong>Ennaltaehk\u00e4isy<\/strong><\/h3>\n\n\n\n<p>Usein hoitoon tullaan vasta silloin, kun jokin on jo muuttunut selke\u00e4sti. Silti monet muutokset alkavat paljon aikaisemmin \u2013 pienin\u00e4 asioina, joita ei aina huomaa heti.<\/p>\n\n\n\n<p>Kun koiraa oppii tarkkailemaan ja sen kehoa tunnistamaan paremmin, voi monia asioita huomata jo ennen kuin ne kasvavat ongelmiksi.<\/p>\n\n\n\n<p>Ennaltaehk\u00e4isy ei tarkoita jatkuvaa hoitamista, vaan ymm\u00e4rryst\u00e4. Sit\u00e4, ett\u00e4 tiet\u00e4\u00e4 milt\u00e4 oma koira tuntuu normaalisti \u2013 ja huomaa, kun jokin alkaa muuttua.<\/p>\n\n\n\n<p>Joskus riitt\u00e4\u00e4 pieni huomio arjessa. Joskus taas on hyv\u00e4 pys\u00e4hty\u00e4 hetkeksi tarkemmin.<\/p>\n\n\n\n<p>Tavoitteena ei ole vain hoitaa jo olemassa olevia vaivoja, vaan tukea koiraa niin, ett\u00e4 se voi liikkua mahdollisimman hyvin my\u00f6s jatkossa.<\/p>\n\n\n\n<figure class=\"wp-block-image size-large\"><img loading=\"lazy\" decoding=\"async\" width=\"1024\" height=\"681\" src=\"https:\/\/koiranaattori.fi\/wp-content\/uploads\/2026\/04\/Yara-hierontakuva-1024x681.jpg\" alt=\"\" class=\"wp-image-264\" srcset=\"https:\/\/koiranaattori.fi\/wp-content\/uploads\/2026\/04\/Yara-hierontakuva-1024x681.jpg 1024w, https:\/\/koiranaattori.fi\/wp-content\/uploads\/2026\/04\/Yara-hierontakuva-300x200.jpg 300w, https:\/\/koiranaattori.fi\/wp-content\/uploads\/2026\/04\/Yara-hierontakuva-768x511.jpg 768w, https:\/\/koiranaattori.fi\/wp-content\/uploads\/2026\/04\/Yara-hierontakuva-1536x1021.jpg 1536w, https:\/\/koiranaattori.fi\/wp-content\/uploads\/2026\/04\/Yara-hierontakuva.jpg 1600w\" sizes=\"(max-width: 767px) 89vw, (max-width: 1000px) 54vw, (max-width: 1071px) 543px, 580px\" \/><\/figure>\n\n\n\n<h3 class=\"wp-block-heading\"><strong>Minusta lyhyesti<\/strong><\/h3>\n\n\n\n<p>Olen Ari Salonen, koirahieroja ja faskiak\u00e4sittelij\u00e4.<\/p>\n\n\n\n<p>L\u00e4hestyn koiraa kokonaisuutena \u2013 liikkumisen, kosketuksen ja sen hetkisen olotilan kautta. Ty\u00f6ss\u00e4ni yhdistyv\u00e4t k\u00e4yt\u00e4nn\u00f6n tekeminen ja jatkuva havainnointi: mit\u00e4 koira kertoo liikkeess\u00e4, mit\u00e4 kosketuksessa ja miten se reagoi tilanteeseen.<\/p>\n\n\n\n<p>Taustalla on kouluttautuminen koirahierontaan sek\u00e4 O.T.E. Hierontaan. T\u00e4rkeint\u00e4 minulle on kuitenkin tapa tehd\u00e4 \u2013 rauhallisesti, koiraa kuunnellen ja sen mukaan edeten.<\/p>\n\n\n\n<p>(Lis\u00e4\u00e4 minusta l\u00f6yd\u00e4t &#8221;Tietoja minusta&#8221; -sivulta.)<\/p>\n\n\n\n<h3 class=\"wp-block-heading\"><strong>Ota yhteytt\u00e4<\/strong><\/h3>\n\n\n\n<p>Jos jokin her\u00e4tti ajatuksia, voit olla yhteydess\u00e4 matalalla kynnyksell\u00e4 \u2013 my\u00f6s silloin, kun et ole varma, tarvitseeko koira hoitoa.<\/p>\n\n\n\n<p>Ari Salonen \/ info@koiranaattori.fi<\/p>\n","protected":false},"excerpt":{"rendered":"<p>Kaikki ei n\u00e4y aina p\u00e4\u00e4llep\u00e4in. Koiran vointi voi muuttua pienin askelin \u2013 liikkeess\u00e4, k\u00e4yt\u00f6ksess\u00e4 tai siin\u00e4, miten se reagoi kosketukseen.Usein n\u00e4m\u00e4 j\u00e4\u00e4v\u00e4t huomaamatta, kunnes jokin alkaa vaivata selke\u00e4mmin. Tarjoan koiralle aikaa, rauhaa ja hetken, jossa sit\u00e4 kuunnellaan kokonaisuutena. Milloin koira tarvitsee hoitoa? Joskus koira kertoo voinnistaan hyvin pienill\u00e4 asioilla. Ehk\u00e4 liike ei ole en\u00e4\u00e4 yht\u00e4 &hellip; <\/p>\n<p class=\"link-more\"><a href=\"https:\/\/koiranaattori.fi\/\" class=\"more-link\">Jatka lukemista<span class=\"screen-reader-text\"> &#8221;Etusivu&#8221;<\/span><\/a><\/p>\n","protected":false},"author":1,"featured_media":0,"parent":0,"menu_order":0,"comment_status":"closed","ping_status":"closed","template":"","meta":{"footnotes":""},"_links":{"self":[{"href":"https:\/\/koiranaattori.fi\/index.php\/wp-json\/wp\/v2\/pages\/128"}],"collection":[{"href":"https:\/\/koiranaattori.fi\/index.php\/wp-json\/wp\/v2\/pages"}],"about":[{"href":"https:\/\/koiranaattori.fi\/index.php\/wp-json\/wp\/v2\/types\/page"}],"author":[{"embeddable":true,"href":"https:\/\/koiranaattori.fi\/index.php\/wp-json\/wp\/v2\/users\/1"}],"replies":[{"embeddable":true,"href":"https:\/\/koiranaattori.fi\/index.php\/wp-json\/wp\/v2\/comments?post=128"}],"version-history":[{"count":12,"href":"https:\/\/koiranaattori.fi\/index.php\/wp-json\/wp\/v2\/pages\/128\/revisions"}],"predecessor-version":[{"id":385,"href":"https:\/\/koiranaattori.fi\/index.php\/wp-json\/wp\/v2\/pages\/128\/revisions\/385"}],"wp:attachment":[{"href":"https:\/\/koiranaattori.fi\/index.php\/wp-json\/wp\/v2\/media?parent=128"}],"curies":[{"name":"wp","href":"https:\/\/api.w.org\/{rel}","templated":true}]}}