{"id":129,"date":"2023-09-10T19:10:19","date_gmt":"2023-09-10T16:10:19","guid":{"rendered":"https:\/\/koiranaattori.fi\/?page_id=129"},"modified":"2026-04-05T18:03:05","modified_gmt":"2026-04-05T15:03:05","slug":"tietoja","status":"publish","type":"page","link":"https:\/\/koiranaattori.fi\/index.php\/tietoja\/","title":{"rendered":"Tietoja minusta"},"content":{"rendered":"\n<p>Kaikki alkoi omasta koirasta.<\/p>\n\n\n\n<p>Oman koiran aktiivisuus toi lihashuollon tarpeen esiin ja sai kiinnitt\u00e4m\u00e4\u00e4n siihen enemm\u00e4n huomiota. Siit\u00e4 syntyi kiinnostus ymm\u00e4rt\u00e4\u00e4, miten sit\u00e4 voisi auttaa, ja ajatus suuntautui erityisesti hierontaan.<\/p>\n\n\n\n<p>Sen sijaan ett\u00e4 olisin ulkoistanut sen muille, halusin oppia tekem\u00e4\u00e4n sit\u00e4 itse \u2013 tunnistamaan, mit\u00e4 koirassa tapahtuu ja miten siihen voi vaikuttaa.<\/p>\n\n\n\n<p>Aluksi ajattelin l\u00e4hte\u00e4 liikkeelle pienemm\u00e4st\u00e4, mutta ajatus kirkastui nopeasti: halusin perehty\u00e4 asiaan kunnolla ja kouluttautua hierojaksi.<\/p>\n\n\n\n<h3 class=\"wp-block-heading\"><strong>Koulutus<\/strong><\/h3>\n\n\n\n<p>Hakeuduin koirahierontakoulutukseen, jossa p\u00e4\u00e4sin syvent\u00e4m\u00e4\u00e4n ymm\u00e4rryst\u00e4ni koiran kehosta k\u00e4yt\u00e4nn\u00f6ss\u00e4.<\/p>\n\n\n\n<p>Koulutuksessa asiat siirtyiv\u00e4t ajattelusta tekemiseen. K\u00e4sill\u00e4 tekeminen selkeytti nopeasti, mit\u00e4 tekee ja miksi.<\/p>\n\n\n\n<p>Se ei ollut pelk\u00e4st\u00e4\u00e4n anatomiaa tai hierontatekniikoita, vaan avasi laajemmin ymm\u00e4rryst\u00e4 koiran kehosta, liikkeest\u00e4 ja kokonaisvaltaisesta hyvinvoinnista.<\/p>\n\n\n\n<p>Samalla oma ajattelu alkoi muuttua \u2013 ei pelk\u00e4st\u00e4\u00e4n tekij\u00e4n\u00e4, vaan my\u00f6s koiran omistajana.<\/p>\n\n\n\n<p>Koulutuksen edetess\u00e4 ajatus selkeytyi: kyse ei ollut en\u00e4\u00e4 vain omasta koirasta, vaan halusta tehd\u00e4 hyv\u00e4\u00e4 my\u00f6s muille koirille ja auttaa niit\u00e4 voimaan paremmin.<\/p>\n\n\n\n<p>Valmistumisen j\u00e4lkeen perustin toiminimen ja aloin tehd\u00e4 hoitoja k\u00e4yt\u00e4nn\u00f6ss\u00e4.<\/p>\n\n\n\n<p>Halusin my\u00f6s kehitt\u00e4\u00e4 osaamistani eteenp\u00e4in ja ymm\u00e4rt\u00e4\u00e4 koiran kehoa viel\u00e4 syvemmin. Faskiat nousivat erityiseksi kiinnostuksen kohteeksi, ja ajatus kivuttomasta hoitomuodosta her\u00e4tti uteliaisuuden.<\/p>\n\n\n\n<p>Aloitin O.T.E.-faskiak\u00e4sittelyn peruskurssilla. Kun n\u00e4in k\u00e4yt\u00e4nn\u00f6ss\u00e4, miten tehokkaasti se voi vaikuttaa, halusin oppia siit\u00e4 lis\u00e4\u00e4 ja k\u00e4vin my\u00f6s syvent\u00e4v\u00e4n kurssin.<\/p>\n\n\n\n<p>Jo hierontakoulun aikana my\u00f6s laserhoito her\u00e4tti kiinnostuksen. Ajatus siit\u00e4 j\u00e4i el\u00e4m\u00e4\u00e4n, ja my\u00f6hemmin, kun sain laitteen hankittua, otin sen mukaan hoitoihin osaksi tekemist\u00e4.<\/p>\n\n\n\n<h3 class=\"wp-block-heading\"><strong>Tapa tehd\u00e4<\/strong><\/h3>\n\n\n\n<p>Ty\u00f6skentelyss\u00e4 minulle t\u00e4rkeint\u00e4 ei ole yksitt\u00e4inen tekniikka, vaan tapa kohdata koira.<\/p>\n\n\n\n<p>Haluan antaa koiralle tilaa olla oma itsens\u00e4 my\u00f6s hoitotilanteessa. Kun tilanteessa ei ole kiirett\u00e4, pystyy pys\u00e4htym\u00e4\u00e4n, havainnoimaan ja etenem\u00e4\u00e4n koiran ehdoilla.<\/p>\n\n\n\n<p>L\u00e4hestyn koiraa kokonaisuutena \u2013 liikkumisen, kosketuksen ja sen hetkisen olotilan kautta. Usein pienetkin muutokset kertovat paljon, kun niit\u00e4 pys\u00e4htyy havainnoimaan.<\/p>\n\n\n\n<p>En pyri tekem\u00e4\u00e4n asioita valmiin kaavan mukaan, vaan annan tilanteen ohjata tekemist\u00e4. Hoito muotoutuu sen mukaan, mit\u00e4 koiran keho ja olemus sill\u00e4 hetkell\u00e4 viestiv\u00e4t.<\/p>\n\n\n\n<p>Tavoitteena ei ole vain yksitt\u00e4inen k\u00e4sittely, vaan hetki, jossa koiraa kuunnellaan, ymm\u00e4rret\u00e4\u00e4n ja tuetaan sen hyvinvointia kokonaisuutena.<\/p>\n\n\n\n<h3 class=\"wp-block-heading\"><strong>Ajatus ty\u00f6n taustalla<\/strong><\/h3>\n\n\n\n<p>Uskon siihen, ett\u00e4 koiraa voi ymm\u00e4rt\u00e4\u00e4 paremmin, kun sit\u00e4 oppii lukemaan.<\/p>\n\n\n\n<p>Kaikki ei n\u00e4y selke\u00e4n\u00e4 kipuna tai oireena. Usein keho kertoo pienin muutoksin, jotka j\u00e4\u00e4v\u00e4t helposti huomaamatta, jos niit\u00e4 ei pys\u00e4hdy katsomaan.<\/p>\n\n\n\n<p>Kun n\u00e4it\u00e4 alkaa tunnistaa, voidaan monia asioita helpottaa jo varhaisessa vaiheessa \u2013 ennen kuin ne ehtiv\u00e4t kasvaa suuremmiksi ongelmiksi.<\/p>\n\n\n\n<p>T\u00e4rkeint\u00e4 minulle on tehd\u00e4 ty\u00f6 rauhassa ja koiraa kuunnellen.<\/p>\n\n\n\n<p>Jokainen koira ansaitsee hyv\u00e4\u00e4 oloa, huolenpitoa ja hetki\u00e4, joissa sit\u00e4 huomioidaan ja hoidetaan.<\/p>\n","protected":false},"excerpt":{"rendered":"<p>Kaikki alkoi omasta koirasta. Oman koiran aktiivisuus toi lihashuollon tarpeen esiin ja sai kiinnitt\u00e4m\u00e4\u00e4n siihen enemm\u00e4n huomiota. Siit\u00e4 syntyi kiinnostus ymm\u00e4rt\u00e4\u00e4, miten sit\u00e4 voisi auttaa, ja ajatus suuntautui erityisesti hierontaan. Sen sijaan ett\u00e4 olisin ulkoistanut sen muille, halusin oppia tekem\u00e4\u00e4n sit\u00e4 itse \u2013 tunnistamaan, mit\u00e4 koirassa tapahtuu ja miten siihen voi vaikuttaa. Aluksi ajattelin l\u00e4hte\u00e4 &hellip; <\/p>\n<p class=\"link-more\"><a href=\"https:\/\/koiranaattori.fi\/index.php\/tietoja\/\" class=\"more-link\">Jatka lukemista<span class=\"screen-reader-text\"> &#8221;Tietoja minusta&#8221;<\/span><\/a><\/p>\n","protected":false},"author":1,"featured_media":0,"parent":0,"menu_order":0,"comment_status":"closed","ping_status":"closed","template":"","meta":{"footnotes":""},"_links":{"self":[{"href":"https:\/\/koiranaattori.fi\/index.php\/wp-json\/wp\/v2\/pages\/129"}],"collection":[{"href":"https:\/\/koiranaattori.fi\/index.php\/wp-json\/wp\/v2\/pages"}],"about":[{"href":"https:\/\/koiranaattori.fi\/index.php\/wp-json\/wp\/v2\/types\/page"}],"author":[{"embeddable":true,"href":"https:\/\/koiranaattori.fi\/index.php\/wp-json\/wp\/v2\/users\/1"}],"replies":[{"embeddable":true,"href":"https:\/\/koiranaattori.fi\/index.php\/wp-json\/wp\/v2\/comments?post=129"}],"version-history":[{"count":5,"href":"https:\/\/koiranaattori.fi\/index.php\/wp-json\/wp\/v2\/pages\/129\/revisions"}],"predecessor-version":[{"id":374,"href":"https:\/\/koiranaattori.fi\/index.php\/wp-json\/wp\/v2\/pages\/129\/revisions\/374"}],"wp:attachment":[{"href":"https:\/\/koiranaattori.fi\/index.php\/wp-json\/wp\/v2\/media?parent=129"}],"curies":[{"name":"wp","href":"https:\/\/api.w.org\/{rel}","templated":true}]}}