{"id":130,"date":"2023-09-10T19:10:19","date_gmt":"2023-09-10T16:10:19","guid":{"rendered":"https:\/\/koiranaattori.fi\/?page_id=130"},"modified":"2026-04-03T21:37:42","modified_gmt":"2026-04-03T18:37:42","slug":"ota-yhteytta","status":"publish","type":"page","link":"https:\/\/koiranaattori.fi\/index.php\/ota-yhteytta\/","title":{"rendered":"Ota yhteytt\u00e4"},"content":{"rendered":"\n<p>Jos jokin her\u00e4tti ajatuksia, voit olla yhteydess\u00e4 matalalla kynnyksell\u00e4 \u2013 my\u00f6s silloin, kun et ole varma, tarvitseeko koira hoitoa.<\/p>\n\n\n\n<p>Yhteydenotto ei sido mihink\u00e4\u00e4n. Voidaan rauhassa katsoa tilannetta ja mietti\u00e4, mik\u00e4 olisi koiralle hyv\u00e4.<\/p>\n\n\n\n<p>Teen kotik\u00e4yntej\u00e4 p\u00e4\u00e4s\u00e4\u00e4nt\u00f6isesti p\u00e4\u00e4kaupunkiseudulla, mutta tapauskohtaisesti my\u00f6s sen ulkopuolella.<\/p>\n\n\n\n<h3 class=\"wp-block-heading\"><strong>Yhteystiedot<\/strong>:<\/h3>\n\n\n\n<p>Ari Salonen<br>info@koiranaattori.fi<br>040-5486623 (tekstiviestit \/ WhatsApp)<\/p>\n","protected":false},"excerpt":{"rendered":"<p>Jos jokin her\u00e4tti ajatuksia, voit olla yhteydess\u00e4 matalalla kynnyksell\u00e4 \u2013 my\u00f6s silloin, kun et ole varma, tarvitseeko koira hoitoa. Yhteydenotto ei sido mihink\u00e4\u00e4n. Voidaan rauhassa katsoa tilannetta ja mietti\u00e4, mik\u00e4 olisi koiralle hyv\u00e4. Teen kotik\u00e4yntej\u00e4 p\u00e4\u00e4s\u00e4\u00e4nt\u00f6isesti p\u00e4\u00e4kaupunkiseudulla, mutta tapauskohtaisesti my\u00f6s sen ulkopuolella. Yhteystiedot: Ari Saloneninfo@koiranaattori.fi040-5486623 (tekstiviestit \/ WhatsApp)<\/p>\n","protected":false},"author":1,"featured_media":0,"parent":0,"menu_order":0,"comment_status":"closed","ping_status":"closed","template":"","meta":{"footnotes":""},"_links":{"self":[{"href":"https:\/\/koiranaattori.fi\/index.php\/wp-json\/wp\/v2\/pages\/130"}],"collection":[{"href":"https:\/\/koiranaattori.fi\/index.php\/wp-json\/wp\/v2\/pages"}],"about":[{"href":"https:\/\/koiranaattori.fi\/index.php\/wp-json\/wp\/v2\/types\/page"}],"author":[{"embeddable":true,"href":"https:\/\/koiranaattori.fi\/index.php\/wp-json\/wp\/v2\/users\/1"}],"replies":[{"embeddable":true,"href":"https:\/\/koiranaattori.fi\/index.php\/wp-json\/wp\/v2\/comments?post=130"}],"version-history":[{"count":8,"href":"https:\/\/koiranaattori.fi\/index.php\/wp-json\/wp\/v2\/pages\/130\/revisions"}],"predecessor-version":[{"id":324,"href":"https:\/\/koiranaattori.fi\/index.php\/wp-json\/wp\/v2\/pages\/130\/revisions\/324"}],"wp:attachment":[{"href":"https:\/\/koiranaattori.fi\/index.php\/wp-json\/wp\/v2\/media?parent=130"}],"curies":[{"name":"wp","href":"https:\/\/api.w.org\/{rel}","templated":true}]}}