{"id":163,"date":"2023-09-10T20:15:31","date_gmt":"2023-09-10T17:15:31","guid":{"rendered":"https:\/\/koiranaattori.fi\/?page_id=163"},"modified":"2026-04-05T18:26:23","modified_gmt":"2026-04-05T15:26:23","slug":"koirahieronta","status":"publish","type":"page","link":"https:\/\/koiranaattori.fi\/index.php\/koirahieronta\/","title":{"rendered":"Palvelut"},"content":{"rendered":"\n<p>Tarjoan koirille hoitoja, jotka tukevat hyvinvointia, liikkumista ja kehon tasapainoa.<\/p>\n\n\n\n<p>Palveluni koostuvat hieronnasta, O.T.E. Hieronasta sek\u00e4 laserhoidosta. Jokainen n\u00e4ist\u00e4 t\u00e4ydent\u00e4\u00e4 toisiaan, ja hoito valitaan aina koiran tilanteen mukaan.<\/p>\n\n\n\n<p>Hieronnassa keskityt\u00e4\u00e4n lihasten rentouttamiseen ja kehon huoltoon. Se sopii hyvin sek\u00e4 ennaltaehk\u00e4isyyn ett\u00e4 jo syntyneiden j\u00e4nnitysten helpottamiseen.<\/p>\n\n\n\n<p>O.T.E. Hieronta on kivuton hoitomuoto, jossa vaikutetaan kehon faskioihin. Sen avulla voidaan vapauttaa kiristyksi\u00e4 ja parantaa liikkeen sujuvuutta ilman voimakasta k\u00e4sittely\u00e4.<\/p>\n\n\n\n<p>Laserhoito tukee kehon luonnollisia paranemisprosesseja ja sopii erityisesti tulehduksiin, kiputiloihin ja kudosten palautumiseen.<\/p>\n\n\n\n<p>Hoito suunnitellaan aina yksil\u00f6llisesti koiran tarpeiden mukaan. Tarkemmat kuvaukset l\u00f6yd\u00e4t kunkin palvelun omalta sivulta.<\/p>\n","protected":false},"excerpt":{"rendered":"<p>Tarjoan koirille hoitoja, jotka tukevat hyvinvointia, liikkumista ja kehon tasapainoa. Palveluni koostuvat hieronnasta, O.T.E. Hieronasta sek\u00e4 laserhoidosta. Jokainen n\u00e4ist\u00e4 t\u00e4ydent\u00e4\u00e4 toisiaan, ja hoito valitaan aina koiran tilanteen mukaan. Hieronnassa keskityt\u00e4\u00e4n lihasten rentouttamiseen ja kehon huoltoon. Se sopii hyvin sek\u00e4 ennaltaehk\u00e4isyyn ett\u00e4 jo syntyneiden j\u00e4nnitysten helpottamiseen. O.T.E. Hieronta on kivuton hoitomuoto, jossa vaikutetaan kehon faskioihin. Sen &hellip; <\/p>\n<p class=\"link-more\"><a href=\"https:\/\/koiranaattori.fi\/index.php\/koirahieronta\/\" class=\"more-link\">Jatka lukemista<span class=\"screen-reader-text\"> &#8221;Palvelut&#8221;<\/span><\/a><\/p>\n","protected":false},"author":1,"featured_media":0,"parent":0,"menu_order":0,"comment_status":"closed","ping_status":"closed","template":"","meta":{"footnotes":""},"_links":{"self":[{"href":"https:\/\/koiranaattori.fi\/index.php\/wp-json\/wp\/v2\/pages\/163"}],"collection":[{"href":"https:\/\/koiranaattori.fi\/index.php\/wp-json\/wp\/v2\/pages"}],"about":[{"href":"https:\/\/koiranaattori.fi\/index.php\/wp-json\/wp\/v2\/types\/page"}],"author":[{"embeddable":true,"href":"https:\/\/koiranaattori.fi\/index.php\/wp-json\/wp\/v2\/users\/1"}],"replies":[{"embeddable":true,"href":"https:\/\/koiranaattori.fi\/index.php\/wp-json\/wp\/v2\/comments?post=163"}],"version-history":[{"count":7,"href":"https:\/\/koiranaattori.fi\/index.php\/wp-json\/wp\/v2\/pages\/163\/revisions"}],"predecessor-version":[{"id":388,"href":"https:\/\/koiranaattori.fi\/index.php\/wp-json\/wp\/v2\/pages\/163\/revisions\/388"}],"wp:attachment":[{"href":"https:\/\/koiranaattori.fi\/index.php\/wp-json\/wp\/v2\/media?parent=163"}],"curies":[{"name":"wp","href":"https:\/\/api.w.org\/{rel}","templated":true}]}}